{"id":798,"date":"2023-03-02T07:11:33","date_gmt":"2023-03-02T07:11:33","guid":{"rendered":"https:\/\/chateau.ooo\/?page_id=798"},"modified":"2023-03-08T09:11:51","modified_gmt":"2023-03-08T09:11:51","slug":"zimmer","status":"publish","type":"page","link":"https:\/\/chateau.ooo\/index.php\/zimmer\/","title":{"rendered":"zimmer"},"content":{"rendered":"<p style=\"text-align: center;\">du w\u00fcnschst dir ein k\u00e4m:merchen oder vielleicht gar ein prunk:gemach? die Z:IMMER waren am 3.3. hopp dr b\u00e4se weg&#8230; wobei es immer sein kann, dass wieder eins F:REI wird&#8230;<br \/>: )<\/p>\r\n<h3 style=\"text-align: center;\">guckst du\u00a0 H:IER<\/h3>\r\n<p style=\"text-align: center;\"><\/p>\r\n<h3 class=\"wp-block-button is-style-outline is-style-outline--1\" style=\"text-align: center;\"><a class=\"wp-block-button__link\" href=\"https:\/\/www.facebook.com\/groups\/815240975513993\">FACEBOOK<\/a><\/h3>\r\n<p>&nbsp;<\/p>\r\n<p style=\"text-align: center;\">auf\u00a0 unsere\u00a0 <a href=\"https:\/\/www.facebook.com\/groups\/815240975513993\">groupe de face de book<\/a> <br \/>findest du alle wichtige infos &amp; vorank\u00fcndigung<\/p>","protected":false},"excerpt":{"rendered":"<p>du w\u00fcnschst dir ein k\u00e4m:merchen oder vielleicht gar ein prunk:gemach? die Z:IMMER waren am 3.3. hopp dr b\u00e4se weg&#8230; wobei es immer sein kann, dass wieder eins F:REI wird&#8230;: ) guckst du\u00a0 H:IER<\/p>\n","protected":false},"author":1,"featured_media":0,"parent":0,"menu_order":0,"comment_status":"closed","ping_status":"closed","template":"","meta":{"footnotes":""},"class_list":["post-798","page","type-page","status-publish","hentry"],"jetpack_sharing_enabled":true,"_links":{"self":[{"href":"https:\/\/chateau.ooo\/index.php\/wp-json\/wp\/v2\/pages\/798","targetHints":{"allow":["GET"]}}],"collection":[{"href":"https:\/\/chateau.ooo\/index.php\/wp-json\/wp\/v2\/pages"}],"about":[{"href":"https:\/\/chateau.ooo\/index.php\/wp-json\/wp\/v2\/types\/page"}],"author":[{"embeddable":true,"href":"https:\/\/chateau.ooo\/index.php\/wp-json\/wp\/v2\/users\/1"}],"replies":[{"embeddable":true,"href":"https:\/\/chateau.ooo\/index.php\/wp-json\/wp\/v2\/comments?post=798"}],"version-history":[{"count":7,"href":"https:\/\/chateau.ooo\/index.php\/wp-json\/wp\/v2\/pages\/798\/revisions"}],"predecessor-version":[{"id":854,"href":"https:\/\/chateau.ooo\/index.php\/wp-json\/wp\/v2\/pages\/798\/revisions\/854"}],"wp:attachment":[{"href":"https:\/\/chateau.ooo\/index.php\/wp-json\/wp\/v2\/media?parent=798"}],"curies":[{"name":"wp","href":"https:\/\/api.w.org\/{rel}","templated":true}]}}