{"id":7,"date":"2020-01-13T22:36:29","date_gmt":"2020-01-13T22:36:29","guid":{"rendered":"https:\/\/chateau.ooo\/?page_id=7"},"modified":"2025-01-23T15:02:08","modified_gmt":"2025-01-23T15:02:08","slug":"about","status":"publish","type":"page","link":"https:\/\/chateau.ooo\/index.php\/about\/","title":{"rendered":"about"},"content":{"rendered":"\t\t<div data-elementor-type=\"wp-page\" data-elementor-id=\"7\" class=\"elementor elementor-7\" data-elementor-post-type=\"page\">\n\t\t\t\t\t\t<section class=\"elementor-section elementor-top-section elementor-element elementor-element-5fbe757 elementor-section-boxed elementor-section-height-default elementor-section-height-default\" data-id=\"5fbe757\" data-element_type=\"section\" data-e-type=\"section\">\n\t\t\t\t\t\t<div class=\"elementor-container elementor-column-gap-default\">\n\t\t\t\t\t<div class=\"elementor-column elementor-col-100 elementor-top-column elementor-element elementor-element-23def54\" data-id=\"23def54\" data-element_type=\"column\" data-e-type=\"column\">\n\t\t\t<div class=\"elementor-widget-wrap elementor-element-populated\">\n\t\t\t\t\t\t<div class=\"elementor-element elementor-element-18d109dc elementor-widget elementor-widget-text-editor\" data-id=\"18d109dc\" data-element_type=\"widget\" data-e-type=\"widget\" data-widget_type=\"text-editor.default\">\n\t\t\t\t<div class=\"elementor-widget-container\">\n\t\t\t\t\t\t\t\t\t\n<h3 style=\"text-align: center;\"><a href=\"http:\/\/chateau.ooo\">chat:eau<\/a><\/h3>\n<p style=\"text-align: center;\">ein m\u00e4rchenhafter ort, der 1x pro jahr aus seinem dornr\u00f6schen-schlaf erwacht: musikalisch erweckte lebensfreude, verspr\u00fcht von bezaubernden festivalleras und\u00a0 g\u00f6ttlichen beats (nein, nicht feuz &#8211; aber sp\u00f6iz haben sie, unsere b\u00e4sse). kurzum: es erwartet dich ein exquisiter sommer-loooping!<\/p>\n\t\t\t\t\t\t\t\t<\/div>\n\t\t\t\t<\/div>\n\t\t\t\t<div class=\"elementor-element elementor-element-d09aadb elementor-widget elementor-widget-image\" data-id=\"d09aadb\" data-element_type=\"widget\" data-e-type=\"widget\" data-widget_type=\"image.default\">\n\t\t\t\t<div class=\"elementor-widget-container\">\n\t\t\t\t\t\t\t\t\t\t\t\t<figure class=\"wp-caption\">\n\t\t\t\t\t\t\t\t\t\t<img decoding=\"async\" src=\"https:\/\/chateau.ooo\/wp-content\/uploads\/elementor\/thumbs\/foto_MC_Bastet_by_lake-orghy7ey7iu96o47e3wflpc1w55kqzq71051xre8ww.jpg\" title=\"foto_MC_Bastet_by_lake\" alt=\"foto_MC_Bastet_by_lake\" loading=\"lazy\" \/>\t\t\t\t\t\t\t\t\t\t\t<figcaption class=\"widget-image-caption wp-caption-text\">BAS:TET, die g\u00f6ttliche : ))) schirm:herrin der MusikTanzFreude - und schon bald wieder ready to roll!<\/figcaption>\n\t\t\t\t\t\t\t\t\t\t<\/figure>\n\t\t\t\t\t\t\t\t\t<\/div>\n\t\t\t\t<\/div>\n\t\t\t\t<div class=\"elementor-element elementor-element-ee1ddf2 elementor-widget elementor-widget-image\" data-id=\"ee1ddf2\" data-element_type=\"widget\" data-e-type=\"widget\" data-widget_type=\"image.default\">\n\t\t\t\t<div class=\"elementor-widget-container\">\n\t\t\t\t\t\t\t\t\t\t\t\t\t\t\t<img fetchpriority=\"high\" decoding=\"async\" width=\"580\" height=\"440\" src=\"https:\/\/chateau.ooo\/wp-content\/uploads\/2025\/01\/Bildschirm\u00adfoto-2025-01-23-um-15.40.32-1024x777.png\" class=\"attachment-large size-large wp-image-1420\" alt=\"\" srcset=\"https:\/\/chateau.ooo\/wp-content\/uploads\/2025\/01\/Bildschirm\u00adfoto-2025-01-23-um-15.40.32-1024x777.png 1024w, https:\/\/chateau.ooo\/wp-content\/uploads\/2025\/01\/Bildschirm\u00adfoto-2025-01-23-um-15.40.32-300x228.png 300w, https:\/\/chateau.ooo\/wp-content\/uploads\/2025\/01\/Bildschirm\u00adfoto-2025-01-23-um-15.40.32-768x582.png 768w, https:\/\/chateau.ooo\/wp-content\/uploads\/2025\/01\/Bildschirm\u00adfoto-2025-01-23-um-15.40.32-1200x910.png 1200w, https:\/\/chateau.ooo\/wp-content\/uploads\/2025\/01\/Bildschirm\u00adfoto-2025-01-23-um-15.40.32.png 1498w\" sizes=\"(max-width: 580px) 100vw, 580px\" \/>\t\t\t\t\t\t\t\t\t\t\t\t\t\t\t<\/div>\n\t\t\t\t<\/div>\n\t\t\t\t<div class=\"elementor-element elementor-element-83fc297 elementor-widget elementor-widget-text-editor\" data-id=\"83fc297\" data-element_type=\"widget\" data-e-type=\"widget\" data-widget_type=\"text-editor.default\">\n\t\t\t\t<div class=\"elementor-widget-container\">\n\t\t\t\t\t\t\t\t\t<p>#chateauooo #festival #m\u00e4rchenhaft #sommer<\/p>\t\t\t\t\t\t\t\t<\/div>\n\t\t\t\t<\/div>\n\t\t\t\t\t<\/div>\n\t\t<\/div>\n\t\t\t\t\t<\/div>\n\t\t<\/section>\n\t\t\t\t<\/div>\n\t\t","protected":false},"excerpt":{"rendered":"<p>chat:eau ein m\u00e4rchenhafter ort, der 1x pro jahr aus seinem dornr\u00f6schen-schlaf erwacht: musikalisch erweckte lebensfreude, verspr\u00fcht von bezaubernden festivalleras und\u00a0 g\u00f6ttlichen beats (nein, nicht feuz &#8211; aber sp\u00f6iz haben sie, unsere b\u00e4sse). kurzum: es erwartet dich ein exquisiter sommer-loooping! BAS:TET, die g\u00f6ttliche : ))) schirm:herrin der MusikTanzFreude &#8211; und schon bald wieder ready to roll! [&hellip;]<\/p>\n","protected":false},"author":1,"featured_media":0,"parent":0,"menu_order":0,"comment_status":"closed","ping_status":"closed","template":"","meta":{"footnotes":""},"class_list":["post-7","page","type-page","status-publish","hentry"],"jetpack_sharing_enabled":true,"_links":{"self":[{"href":"https:\/\/chateau.ooo\/index.php\/wp-json\/wp\/v2\/pages\/7","targetHints":{"allow":["GET"]}}],"collection":[{"href":"https:\/\/chateau.ooo\/index.php\/wp-json\/wp\/v2\/pages"}],"about":[{"href":"https:\/\/chateau.ooo\/index.php\/wp-json\/wp\/v2\/types\/page"}],"author":[{"embeddable":true,"href":"https:\/\/chateau.ooo\/index.php\/wp-json\/wp\/v2\/users\/1"}],"replies":[{"embeddable":true,"href":"https:\/\/chateau.ooo\/index.php\/wp-json\/wp\/v2\/comments?post=7"}],"version-history":[{"count":26,"href":"https:\/\/chateau.ooo\/index.php\/wp-json\/wp\/v2\/pages\/7\/revisions"}],"predecessor-version":[{"id":1441,"href":"https:\/\/chateau.ooo\/index.php\/wp-json\/wp\/v2\/pages\/7\/revisions\/1441"}],"wp:attachment":[{"href":"https:\/\/chateau.ooo\/index.php\/wp-json\/wp\/v2\/media?parent=7"}],"curies":[{"name":"wp","href":"https:\/\/api.w.org\/{rel}","templated":true}]}}