{"id":64,"date":"2020-06-25T12:00:46","date_gmt":"2020-06-25T12:00:46","guid":{"rendered":"https:\/\/chateau.ooo\/?page_id=64"},"modified":"2025-12-09T19:36:08","modified_gmt":"2025-12-09T19:36:08","slug":"tickets","status":"publish","type":"page","link":"https:\/\/chateau.ooo\/index.php\/tickets\/","title":{"rendered":"tickets"},"content":{"rendered":"\t\t<div data-elementor-type=\"wp-page\" data-elementor-id=\"64\" class=\"elementor elementor-64\" data-elementor-post-type=\"page\">\n\t\t\t\t\t\t<section class=\"elementor-section elementor-top-section elementor-element elementor-element-583f0f6 elementor-section-boxed elementor-section-height-default elementor-section-height-default\" data-id=\"583f0f6\" data-element_type=\"section\" data-e-type=\"section\">\n\t\t\t\t\t\t<div class=\"elementor-container elementor-column-gap-default\">\n\t\t\t\t\t<div class=\"elementor-column elementor-col-100 elementor-top-column elementor-element elementor-element-f8be691\" data-id=\"f8be691\" data-element_type=\"column\" data-e-type=\"column\">\n\t\t\t<div class=\"elementor-widget-wrap elementor-element-populated\">\n\t\t\t\t\t\t<div class=\"elementor-element elementor-element-deaa6c4 elementor-widget elementor-widget-text-editor\" data-id=\"deaa6c4\" data-element_type=\"widget\" data-e-type=\"widget\" data-widget_type=\"text-editor.default\">\n\t\t\t\t<div class=\"elementor-widget-container\">\n\t\t\t\t\t\t\t\t\t<h3 style=\"text-align: center;\">2026 wird sportlich, bist du dabei ?<\/h3>\n\t\t\t\t\t\t\t\t<\/div>\n\t\t\t\t<\/div>\n\t\t\t\t<div class=\"elementor-element elementor-element-9d62650 elementor-align-center elementor-widget elementor-widget-button is-style-outline--2\" data-id=\"9d62650\" data-element_type=\"widget\" data-e-type=\"widget\" data-widget_type=\"button.default\">\n\t\t\t\t<div class=\"elementor-widget-container\">\n\t\t\t\t\t\t\t\t\t<div class=\"elementor-button-wrapper\">\n\t\t\t\t\t<a class=\"elementor-button elementor-button-link elementor-size-sm\" href=\"https:\/\/tixpot.com\/chateau\">\n\t\t\t\t\t\t<span class=\"elementor-button-content-wrapper\">\n\t\t\t\t\t\t\t\t\t<span class=\"elementor-button-text\">OUI, je veux !!!<\/span>\n\t\t\t\t\t<\/span>\n\t\t\t\t\t<\/a>\n\t\t\t\t<\/div>\n\t\t\t\t\t\t\t\t<\/div>\n\t\t\t\t<\/div>\n\t\t\t\t<div class=\"elementor-element elementor-element-1d1721c elementor-widget elementor-widget-text-editor\" data-id=\"1d1721c\" data-element_type=\"widget\" data-e-type=\"widget\" data-widget_type=\"text-editor.default\">\n\t\t\t\t<div class=\"elementor-widget-container\">\n\t\t\t\t\t\t\t\t\t<h5>gibt es 3 cat\u00e9gories von TICK:ETS<\/h5>\n<ol>\n<li>EARLY:BIRD &#8230; alle schon geschl\u00fcpft \ud83d\udc23&#8230;<\/li>\n<li>REGULAR<\/li>\n<li>SUPPORTER:IN *<\/li>\n<\/ol>\t\t\t\t\t\t\t\t<\/div>\n\t\t\t\t<\/div>\n\t\t\t\t<div class=\"elementor-element elementor-element-feacc80 elementor-widget elementor-widget-text-editor\" data-id=\"feacc80\" data-element_type=\"widget\" data-e-type=\"widget\" data-widget_type=\"text-editor.default\">\n\t\t\t\t<div class=\"elementor-widget-container\">\n\t\t\t\t\t\t\t\t\t<p><em><strong>*<\/strong> mit eine SUPPORTER ticket unterst\u00fctzt du unsere kleine feine event und die wild entSCHOSSenen activit\u00e9s von le verein fou de fougerette mit seine sch\u00f6ne permakultur-garten. bei deine arriv\u00e9e im CHAT:EAU\u00a0 erwartet dir eine frisch gek\u00fchlte flasch CR\u00c9MANT und eine randvoll gef\u00fcllte goodie bag \ud83e\udd29<\/em><\/p>\t\t\t\t\t\t\t\t<\/div>\n\t\t\t\t<\/div>\n\t\t\t\t<div class=\"elementor-element elementor-element-c1bba9f elementor-widget elementor-widget-text-editor\" data-id=\"c1bba9f\" data-element_type=\"widget\" data-e-type=\"widget\" data-widget_type=\"text-editor.default\">\n\t\t\t\t<div class=\"elementor-widget-container\">\n\t\t\t\t\t\t\t\t\t<h5 style=\"text-align: center;\">verkauf zimmer<\/h5>\n<p style=\"text-align: center;\">\u00a0startet im die winter, nat\u00fcrellement werde ich dir vorher sagen, wann es losgeht! stay tuned &amp; check <a href=\"https:\/\/tixpot.com\/chateau\">tixpot<\/a><\/p>\n<p style=\"text-align: center;\">freu ich mir schon sehr auf D:ICH : )<br \/>deine BAS:TET<\/p>\n<p style=\"text-align: center;\">___<\/p>\n<p style=\"text-align: center;\">du ben\u00f6tigst hilfe oder hast fragen?<\/p>\n<h4 style=\"text-align: center;\"><a href=\"https:\/\/chateau.ooo\/wp-content\/uploads\/2023\/03\/anleitung_Tixpot_2023_DEF.pdf\">anleitung tixpot<\/a><\/h4>\n<h4 style=\"text-align: center;\"><a href=\"https:\/\/chateau.ooo\/index.php\/faq\/\">les informations (faq)<\/a><\/h4>\n<p>\u00a0<\/p>\n<p style=\"text-align: center;\">_____<\/p>\n<p style=\"text-align: center;\">ZUR IN:FO<\/p>\n<p style=\"text-align: center;\">alle tickets sind sie <strong><span style=\"text-decoration: underline;\">PER:S\u00d6NLICH<\/span><\/strong> d.h. keine weitergabe. deine ticket sichern kannst du\u00a0 dir via <a href=\"https:\/\/tixpot.com\/chateau\">tixpot<\/a> , sobald du als mitglied freigeschaltet bist (dazu bitte anmelden (s. <a href=\"https:\/\/chateau.ooo\/wp-content\/uploads\/2023\/03\/anleitung_Tixpot_2023_DEF.pdf\">anleitung tixpot<\/a>). merci f\u00fcr dein geduld &#8211; du wirst daf\u00fcr in ausgesucht guter gesellschaft feiern h\u00e9h\u00e9!<br \/>: )\u00a0<\/p>\n\n<p>\u00a0<\/p>\t\t\t\t\t\t\t\t<\/div>\n\t\t\t\t<\/div>\n\t\t\t\t\t<\/div>\n\t\t<\/div>\n\t\t\t\t\t<\/div>\n\t\t<\/section>\n\t\t\t\t<\/div>\n\t\t","protected":false},"excerpt":{"rendered":"<p>2026 wird sportlich, bist du dabei ? \u00a0<\/p>\n","protected":false},"author":1,"featured_media":0,"parent":0,"menu_order":0,"comment_status":"closed","ping_status":"closed","template":"","meta":{"footnotes":""},"class_list":["post-64","page","type-page","status-publish","hentry"],"jetpack_sharing_enabled":true,"_links":{"self":[{"href":"https:\/\/chateau.ooo\/index.php\/wp-json\/wp\/v2\/pages\/64","targetHints":{"allow":["GET"]}}],"collection":[{"href":"https:\/\/chateau.ooo\/index.php\/wp-json\/wp\/v2\/pages"}],"about":[{"href":"https:\/\/chateau.ooo\/index.php\/wp-json\/wp\/v2\/types\/page"}],"author":[{"embeddable":true,"href":"https:\/\/chateau.ooo\/index.php\/wp-json\/wp\/v2\/users\/1"}],"replies":[{"embeddable":true,"href":"https:\/\/chateau.ooo\/index.php\/wp-json\/wp\/v2\/comments?post=64"}],"version-history":[{"count":57,"href":"https:\/\/chateau.ooo\/index.php\/wp-json\/wp\/v2\/pages\/64\/revisions"}],"predecessor-version":[{"id":1711,"href":"https:\/\/chateau.ooo\/index.php\/wp-json\/wp\/v2\/pages\/64\/revisions\/1711"}],"wp:attachment":[{"href":"https:\/\/chateau.ooo\/index.php\/wp-json\/wp\/v2\/media?parent=64"}],"curies":[{"name":"wp","href":"https:\/\/api.w.org\/{rel}","templated":true}]}}