{"id":1699,"date":"2025-11-27T16:11:42","date_gmt":"2025-11-27T16:11:42","guid":{"rendered":"https:\/\/chateau.ooo\/?page_id=1699"},"modified":"2025-11-28T14:53:37","modified_gmt":"2025-11-28T14:53:37","slug":"agb","status":"publish","type":"page","link":"https:\/\/chateau.ooo\/index.php\/agb\/","title":{"rendered":"agb"},"content":{"rendered":"<h4><strong>Allgemeine Gesch<\/strong><strong>\u00e4<\/strong><strong>ftsbedingungen<\/strong><\/h4>\n<p>Stand: 1.1.2025<\/p>\n<ol>\n<li><strong> Allgemeine Gesch<\/strong><strong>\u00e4<\/strong><strong>ftsbedingungen<\/strong><\/li>\n<\/ol>\n<p>Merci f\u00fcr dein Interesse an unseren Angeboten. Mit der Entgegennahme deiner Buchung via <a href=\"http:\/\/www.tixpot.ch\">www.tixpot.ch<\/a> kommt zwischen dir und United Underground GmbH als Eventorganisation ein Vertrag zustande (nachfolgend \u00abEventorganisation\u00bb). Wir bitten dich deshalb, diese allgemeinen Gesch\u00e4ftsbedingungen sorgf\u00e4ltig zu lesen.<\/p>\n<ol start=\"2\">\n<li><strong> Anmeldung<\/strong><\/li>\n<\/ol>\n<p>Die Anmeldung bzw. der Ticketkauf muss \u00fcber unseren Partner <a href=\"http:\/\/www.tixpot.ch\">www.tixpot.ch<\/a> erfolgen. Du anerkennst durch deine Anmeldung die allgemeinen Gesch\u00e4ftsbestimmungen von Tixpot als Bestandteil des Vertrages zwischen dir und uns als Eventorganisation.<\/p>\n<p>Tickets sind nur f\u00fcr Mitglieder verf\u00fcgbar d.h. du musst dich \u00fcber Tixpot registrieren und bewerben. United Underground GmbH beh\u00e4lt sich das Recht vor, deine Mitgliedschaftsanfrage ohne Angabe von Gr\u00fcnden abzulehnen.<\/p>\n<ol start=\"3\">\n<li><strong> Vertragsgegenstand<\/strong><\/li>\n<\/ol>\n<p>Die Eventorganisation verpflichtet sich, bei der von dir gew\u00fcnschten Aktivit\u00e4t die Leistungen zu erbringen, welche gem\u00e4ss Beschreibung zum Angebot geh\u00f6ren.<\/p>\n<ol start=\"4\">\n<li><strong> Vertragsabschluss<\/strong><\/li>\n<\/ol>\n<p>Mit dem Ticketkauf via <a href=\"http:\/\/www.tixpot.com\">www.tixpot.com<\/a> kommt ein Vertrag zwischen dir und der Eventorganisation zustande. Ab diesem Zeitpunkt werden die Rechte und Pflichten aus dem Vertrag f\u00fcr dich und die Eventorganisation wirksam.<\/p>\n<p>Alle ausgestellten Tickets sind pers\u00f6nlich d.h. es ist kein Weiterverkauf m\u00f6glich.<\/p>\n<ol start=\"5\">\n<li><strong> Preise<\/strong><\/li>\n<\/ol>\n<p>Die Preise ersiehst du direkt auf <a href=\"http:\/\/www.tixpot.com\">www.tixpot.com<\/a> sowie auf deinem Ticket (Auftragsbest\u00e4tigung). Sie sind in Schweizer Franken.<\/p>\n<ol start=\"6\">\n<li><strong> Zahlungsbedingungen<\/strong><\/li>\n<\/ol>\n<p>Das Gesamtbetrag wird bei der Buchung f\u00e4llig und ist vollumf\u00e4nglich zu bezahlen. Ausnahme ist der Kauf auf Rechnung, bei der die Zahlungsfrist 10 Tage betr\u00e4gt. Wird die Zahlung nicht rechtzeitig geleistet, so ist die Eventorganisation berechtigt, die Leistungen zur\u00fcckzuhalten oder den Vertrag aufzul\u00f6sen. Allf\u00e4llige daraus entstehende Mehrkosten werden gem\u00e4ss Ziffer 7 bei dir als Kunde eingefordert.<\/p>\n<ol start=\"7\">\n<li><strong> Storno &amp; R<\/strong><strong>\u00fc<\/strong><strong>ckerstattungsbedingungen<\/strong><\/li>\n<\/ol>\n<p>Der Ticketkauf kann per Email an die Eventorganisation ohne Angabe von Gr\u00fcnden storniert werden und ist an folgende R\u00fcckerstattungsbedingungen gekn\u00fcpft:<\/p>\n<ul>\n<li>bis 16.7.2026 r\u00fcckerstattung abz\u00fcglich 30% bearbeitungsgeb\u00fchr<\/li>\n<li>17.7.-9.8.2026 r\u00fcckerstattung abz\u00fcglich 50% bearbeitungsgeb\u00fchr<\/li>\n<li>ab 10.8.2026: 100% bearbeitungsgeb\u00fchr d.h. kein storno mehr m\u00f6glich<\/li>\n<\/ul>\n<p>F\u00fcr die Bearbeitung &amp; anfallende Geb\u00fchr ist das Eingangsdatum deiner Mail entscheidend. In jedem Fall empfehlen wir den Abschluss einer R\u00fccktrittsversicherung (s. auch Ziffer 10).<\/p>\n<p><strong>7.1 F<\/strong><strong>\u00fc<\/strong><strong>r Events gelten jeweilen spezielle Annullationsbedingungen <\/strong><\/p>\n<p>Wenn der Kunde zu einer gebuchten Aktivit\u00e4t nicht erscheint oder diese wegen zu sp\u00e4tem Eintreffen nicht durchgef\u00fchrt werden kann, schuldet er den Preis vollumf\u00e4nglich. Mehrkosten, welche durch Verschiebungen oder zu sp\u00e4tem Eintreffen des Kunden entstehen, gehen zu seinen Lasten. Tritt der Kunde eine Aktivit\u00e4t erst nach deren Beginn an, bzw. verl\u00e4sst er sie vor ihrem Ende, besteht kein Anspruch auf R\u00fcckerstattung.<\/p>\n<p><strong>7.2 Epidemie \/ Pandemie \/ Notrecht<\/strong><\/p>\n<p>Die Eventorganisation h\u00e4lt sich an die Vorschriften\/Massnahmen des Bundesrats und des BAG (Bundesamt f\u00fcr Gesundheit) und\/oder der franz\u00f6sischen Beh\u00f6rden. Bei einem beh\u00f6rdlich angeordneten Veranstaltungsverbot wird dein Ticket kostenlos auf den n\u00e4chstm\u00f6glichen Event verschoben. Das neue Datum wird innerhalb Jahresfrist mitgeteilt. Bei einer Annullation des Events verweisen wir auf Punkt 7.<\/p>\n<ol start=\"8\">\n<li><strong> Annullation oder <\/strong><strong>\u00c4<\/strong><strong>nderung der Buchung durch die Eventorganisation<\/strong><\/li>\n<\/ol>\n<p>Es kann sein, dass gewisse Angebote eine Mindestbeteiligung erfordern. Wird diese nicht erreicht, kann die Eventorganisation die Aktivit\u00e4t auch kurzfristig annullieren. Will der Kunde auf keine der ihm angebotenen Ersatzaktivit\u00e4ten umbuchen, werden die geleisteten Zahlungen abz\u00fcglich der schon beanspruchten Leistungen zur\u00fcckerstattet.<\/p>\n<p>Die Aktivit\u00e4t kann vom Veranstalter abgesagt oder ge\u00e4ndert werden, wenn Teilnehmer durch Ihre Handlungen und Unterlassungen berechtigten Anlass dazu geben. In diesem Fall treten die Bestimmungen der Annullationskosten gem\u00e4ss Ziffer 7 in Kraft.<\/p>\n<p>Wird die Aktivit\u00e4t infolge h\u00f6herer Gewalt, Wetter- und Naturverh\u00e4ltnissen, beh\u00f6rdlichen Massnahmen oder Sicherheitsrisiken gef\u00e4hrdet oder verunm\u00f6glicht, kann die Eventorganisation die Aktivit\u00e4t absagen oder vorzeitig abbrechen. Der bezahlte Preis wird abz\u00fcglich der vom Veranstalter bereits gemachten Aufwendungen zur\u00fcckerstattet.<\/p>\n<p>Ersatzforderungen sind ausgeschlossen. Programm\u00e4nderungen werden ausdr\u00fccklich vorbehalten. Der Veranstalter bem\u00fcht sich, eine m\u00f6glichst gleichwertige Ersatzleistung anzubieten.<br \/>\nDie Eventorganisation beh\u00e4lt sich das Recht vor, das Programm oder einzelne vereinbarte Leistungen zu \u00e4ndern, wenn es unvorhergesehene Umst\u00e4nde (h\u00f6here Gewalt, Wetter- oder Natur-verh\u00e4ltnisse, beh\u00f6rdliche Massnahmen oder Sicherheitsrisiken) erfordern. Er ist aber bem\u00fcht, gleichwertige Ersatzleistungen zu erbringen.<\/p>\n<ol start=\"9\">\n<li><strong> Teilnahmebedingungen<\/strong><\/li>\n<\/ol>\n<p>Es ist die Pflicht des Kunden, sich an die Teilnahmebedingungen zu halten und Weisungen des Veranstalters, des Teams und von Hilfspersonen umgehend zu befolgen. Bei Missachtung kann der Teilnehmer von der Aktivit\u00e4t ausgeschlossen werden. Bei Ausschluss vor Beginn der Aktivit\u00e4t gelten die Annullationsbestimmungen. Erfolgt der Ausschluss nach Beginn der Aktivit\u00e4t, hat der Kunde keinen Anspruch auf R\u00fcckerstattung.<\/p>\n<ol start=\"10\">\n<li><strong> Versicherung<\/strong><\/li>\n<\/ol>\n<p>Wir empfehlen den Abschluss einer R\u00fccktritts- bzw. Annullationskostenversicherung f\u00fcr alle Angebote und Aktivit\u00e4ten. Die Eventorganisation \u00fcbernimmt keine Haftung f\u00fcr mitgebrachte Gegenst\u00e4nde, Krankheit oder Unfall. Die Teilnahme an Angeboten und Aktivit\u00e4ten erfolgt auf eigene Gefahr, ein entsprechender Rechts- und Versicherungsschutz (Kranken- und Unfallversicherung, Haftpflicht) ist Sache der Teilnehmenden.<\/p>\n<ol start=\"11\">\n<li><strong> Haftung<\/strong><\/li>\n<\/ol>\n<p>Die Eventorganisation verpflichtet sich Kunden gegen\u00fcber, die vereinbarten Leistungen gewissenhaft zu erbringen. Die Eventorganisation steht ein f\u00fcr M\u00e4ngel bei der Durchf\u00fchrung der Aktivit\u00e4t, sofern es sich um einen verschuldeten Ausfall von vereinbarten Leistungen oder um \u00c4nderungen handelt, die einem Minderwert gleichkommen.<\/p>\n<p>Die Eventorganisation verg\u00fctet den Ausfall vereinbarter Leistungen soweit es vor Ort nicht m\u00f6glich war, eine gleichwertige Ersatzleistung anzubieten. Die Haftung bleibt in jedem Fall auf den unmittelbaren Schaden begrenzt. F\u00fcr Programm\u00e4nderungen wegen Zug- und Flugversp\u00e4tungen wird keine Haftung \u00fcbernommen.<br \/>\nVon der Haftung ebenfalls ausgeschlossen sind Sch\u00e4den verursacht durch h\u00f6here Gewalt, kriegerische Ereignisse, Streiks, Epidemien, Naturkatastrophen und beh\u00f6rdliche Anordnungen.<br \/>\n\u00dcbertr\u00e4gt die Eventorganisation gewisse Aufgaben berechtigterweise auf einen Dritten, so haftet sie nicht f\u00fcr dessen Handlungen und Unterlassungen.<\/p>\n<p>Werden die Weisungen der Eventorganisation oder ihrer Hilfspersonen nicht befolgt, entf\u00e4llt jegliche Haftung seitens der Eventorganisation.<\/p>\n<ol start=\"12\">\n<li><strong> Beanstandungen<\/strong><\/li>\n<\/ol>\n<p>Allf\u00e4llig erlittene Sch\u00e4den sind der Eventorganisation sofort schriftlich bekanntzugeben und m\u00fcssen von dieser schriftlich quittiert werden (Best\u00e4tigung der Kenntnisnahme). Keine der Leitungspersonen ist jedoch befugt, im Namen der Eventorganisation Forderungen anzuerkennen. Im Rahmen des Programms und der M\u00f6glichkeiten werden die Leitungspersonen bem\u00fcht sein, Abhilfe zu schaffen.<\/p>\n<p>Schadenersatzanspr\u00fcche m\u00fcssen innerhalb von zwei Wochen nach Beendigung des Angebots bzw. der Aktivit\u00e4t schriftlich, mittels eingeschriebenem Brief, bei der Eventorganisation eingehen. Die schriftliche Best\u00e4tigung der Leitungsperson sowie allf\u00e4llige Beweismittel sind beizulegen. Bei versp\u00e4teter Einreichung oder zu sp\u00e4ter Beanstandung w\u00e4hrend der Aktivit\u00e4t verfallen s\u00e4mtliche Anspr\u00fcche.<\/p>\n<ol start=\"13\">\n<li><strong> Bildrechte<\/strong><\/li>\n<\/ol>\n<p>Der Kunde zeigt sich mit dem Kauf eines Tickets einverstanden, dass die Eventorganisation\u00a0w\u00e4hrend des Events Foto- und Videoaufnahmen durch die Eventorganisation selber oder durch die von der Eventorganisation beauftragte Dritte erstellt werden k\u00f6nnen. Diese Aufnahmen k\u00f6nnen Personen erkennbar darstellen.<\/p>\n<p>Der\/die Teilnehmende erteilt der Eventorganisation das unentgeltliche, zeitlich und r\u00e4umlich unbeschr\u00e4nkte Recht, diese Aufnahmen f\u00fcr redaktionelle, dokumentarische und werbliche Zwecke in allen Medien (insbesondere Website, Social Media, Printprodukte sowie weitere Kommunikationskan\u00e4le) zu verwenden, zu verbreiten und zu ver\u00f6ffentlichen.<\/p>\n<p>Falls der\/die Teilnehmende nicht aufgenommen werden m\u00f6chte, hat er\/sie dies aktiv vor Ort dem Fotografen\/der Fotografin oder dem Veranstalter mitzuteilen. Der Veranstalter wird sich im Rahmen des Zumutbaren bem\u00fchen, dem Wunsch nachzukommen.<\/p>\n<p>Der\/die Teilnehmende kann der Verwendung seiner\/ihrer personenbezogenen Aufnahmen jederzeit f\u00fcr die Zukunft widersprechen. Ein Widerruf ber\u00fchrt jedoch nicht die Rechtm\u00e4ssigkeit bereits erfolgter Verwendungen.<\/p>\n<p>Die Eventorganisation verpflichtet sich, die Aufnahmen verantwortungsvoll zu nutzen und die Pers\u00f6nlichkeitsrechte der Teilnehmenden jederzeit zu achten.<\/p>\n<ol start=\"15\">\n<li><strong> Anwendbares Recht\/Gerichtsstand<\/strong><\/li>\n<\/ol>\n<p>Zwischen dem Kunden und dem Veranstalter ist ausschliesslich schweizerisches Recht anwendbar. Der ausschliessliche Gerichtsstand f\u00fcr alle sich aus diesem Vertrag ergebenden Streitigkeiten ist Z\u00fcrich.<\/p>\n<ol start=\"15\">\n<li><strong> Veranstalter<\/strong><\/li>\n<\/ol>\n<p>United Underground GmbH<br \/>\nWehntalerstrasse 8<br \/>\nCH-8057 Z\u00fcrich<br \/>\n<a href=\"http:\/\/www.unitedunderground.ch\">www.unitedunderground.ch<\/a><\/p>\n<p>Wir machen dich auch auf unsere <a href=\"https:\/\/unitedunderground.ch\/impressum\/\">Datenschutzerkl\u00e4rung<\/a> aufmerksam und gehen davon aus, dass du diese zur Kenntnis genommen hast.<\/p>\n","protected":false},"excerpt":{"rendered":"<p>Allgemeine Gesch\u00e4ftsbedingungen Stand: 1.1.2025 Allgemeine Gesch\u00e4ftsbedingungen Merci f\u00fcr dein Interesse an unseren Angeboten. Mit der Entgegennahme deiner Buchung via www.tixpot.ch kommt zwischen dir und United Underground GmbH als Eventorganisation ein Vertrag zustande (nachfolgend \u00abEventorganisation\u00bb). Wir bitten dich deshalb, diese allgemeinen Gesch\u00e4ftsbedingungen sorgf\u00e4ltig zu lesen. Anmeldung Die Anmeldung bzw. der Ticketkauf muss \u00fcber unseren Partner www.tixpot.ch [&hellip;]<\/p>\n","protected":false},"author":1,"featured_media":0,"parent":0,"menu_order":0,"comment_status":"closed","ping_status":"closed","template":"","meta":{"footnotes":""},"class_list":["post-1699","page","type-page","status-publish","hentry"],"jetpack_sharing_enabled":true,"_links":{"self":[{"href":"https:\/\/chateau.ooo\/index.php\/wp-json\/wp\/v2\/pages\/1699","targetHints":{"allow":["GET"]}}],"collection":[{"href":"https:\/\/chateau.ooo\/index.php\/wp-json\/wp\/v2\/pages"}],"about":[{"href":"https:\/\/chateau.ooo\/index.php\/wp-json\/wp\/v2\/types\/page"}],"author":[{"embeddable":true,"href":"https:\/\/chateau.ooo\/index.php\/wp-json\/wp\/v2\/users\/1"}],"replies":[{"embeddable":true,"href":"https:\/\/chateau.ooo\/index.php\/wp-json\/wp\/v2\/comments?post=1699"}],"version-history":[{"count":6,"href":"https:\/\/chateau.ooo\/index.php\/wp-json\/wp\/v2\/pages\/1699\/revisions"}],"predecessor-version":[{"id":1707,"href":"https:\/\/chateau.ooo\/index.php\/wp-json\/wp\/v2\/pages\/1699\/revisions\/1707"}],"wp:attachment":[{"href":"https:\/\/chateau.ooo\/index.php\/wp-json\/wp\/v2\/media?parent=1699"}],"curies":[{"name":"wp","href":"https:\/\/api.w.org\/{rel}","templated":true}]}}