{"id":139,"date":"2020-08-11T15:28:02","date_gmt":"2020-08-11T15:28:02","guid":{"rendered":"https:\/\/chateau.ooo\/?page_id=139"},"modified":"2025-08-18T12:36:40","modified_gmt":"2025-08-18T12:36:40","slug":"lineup","status":"publish","type":"page","link":"https:\/\/chateau.ooo\/index.php\/lineup\/","title":{"rendered":"lineup 2025"},"content":{"rendered":"\t\t<div data-elementor-type=\"wp-page\" data-elementor-id=\"139\" class=\"elementor elementor-139\" data-elementor-post-type=\"page\">\n\t\t\t\t\t\t<section class=\"elementor-section elementor-top-section elementor-element elementor-element-6abfbe9a elementor-section-boxed elementor-section-height-default elementor-section-height-default\" data-id=\"6abfbe9a\" data-element_type=\"section\" data-e-type=\"section\">\n\t\t\t\t\t\t<div class=\"elementor-container elementor-column-gap-default\">\n\t\t\t\t\t<div class=\"elementor-column elementor-col-100 elementor-top-column elementor-element elementor-element-338cc80b\" data-id=\"338cc80b\" data-element_type=\"column\" data-e-type=\"column\">\n\t\t\t<div class=\"elementor-widget-wrap elementor-element-populated\">\n\t\t\t\t\t\t<div class=\"elementor-element elementor-element-71bd8d04 elementor-widget elementor-widget-text-editor\" data-id=\"71bd8d04\" data-element_type=\"widget\" data-e-type=\"widget\" data-widget_type=\"text-editor.default\">\n\t\t\t\t<div class=\"elementor-widget-container\">\n\t\t\t\t\t\t\t\t\t<h3>mus:ik<\/h3><p>unsere soir\u00e9e priv\u00e9e 2025 wurde sie bespielt von folgende artistes :<\/p><h3>head:liners &amp;\u00a0 perles internationales<\/h3><h4><a href=\"https:\/\/www.instagram.com\/dominikeulberg\/\"><strong>Dominik Eulberg<\/strong><\/a><br \/><a href=\"https:\/\/www.instagram.com\/madmotormiquel\/\"><strong>Mad Motormiquel<\/strong><\/a><br \/><a href=\"https:\/\/www.instagram.com\/kalabrese.spatz\/\">Kalabrese<\/a><\/h4><h4>das lokale A-Z des guten tons<\/h4><p><a href=\"https:\/\/www.instagram.com\/djalanor\/\">Alanor<\/a> : <a href=\"https:\/\/on.soundcloud.com\/wEQykVL6Sve7X4fb9\">Arpagaus &amp; Fl\u00f6te<\/a> : <a href=\"https:\/\/www.instagram.com\/baba_ganouj\/\">Baba Ganouj<\/a> : <a href=\"https:\/\/www.instagram.com\/nadara.baerg\/\">Baerg b2b<\/a> <a href=\"https:\/\/www.instagram.com\/cavabien_felix\/\">Cavabien<\/a> : <a href=\"https:\/\/www.instagram.com\/bomchello\/\">Bomchello<\/a> : <a href=\"https:\/\/www.instagram.com\/breda_music?igsh=MTF6N2ZqcDFvNnB3ZA==\">Breda<\/a> : <a href=\"https:\/\/www.instagram.com\/calaido.live\/\">Calaido<\/a> : <a href=\"https:\/\/www.instagram.com\/der__koehler\/\">Der K\u00f6hler<\/a> : <a href=\"https:\/\/www.instagram.com\/zoezi_\/\">Der Zimm\u00ebrmann<\/a> : <a href=\"https:\/\/www.instagram.com\/jimmysfreak_eclipse\/\">Eclipse<\/a> : <a href=\"https:\/\/www.instagram.com\/evelyne_volta\/\">Evelyn Volta<\/a> : <a href=\"https:\/\/www.instagram.com\/fixiefate\">Fixie Fate<\/a> :\u00a0<a href=\"https:\/\/www.instagram.com\/ste_de_tsri\/profilecard\/?igsh=MWs2Y29oMXJ4cm1vYQ==\">Gans Voll<\/a> : <a href=\"https:\/\/www.instagram.com\/guacamolebois\/\">Guacamolebois<\/a> : <a href=\"https:\/\/soundcloud.com\/hans-und-gret\">Hans &amp; Gret<\/a> : <a href=\"https:\/\/www.instagram.com\/ivi.gio\/\">ivi &amp; gio<\/a> : <a href=\"https:\/\/www.instagram.com\/jomalonizh\/\">Jo Maloni<\/a> : <a href=\"https:\/\/www.instagram.com\/la_fiba\/\">La Fiba<\/a> : <a href=\"https:\/\/www.instagram.com\/lava.and.ash\/\">Lava &amp; Ash<\/a> : <a href=\"https:\/\/www.instagram.com\/linas.lab.sound\/\">Lina&#8217;s Lab<\/a> : <a href=\"https:\/\/www.instagram.com\/mohamedxhaddad\/\">Magic Mo<\/a> : <a href=\"https:\/\/www.instagram.com\/maja_ohjaaa\/\">Maja<\/a> : <a href=\"https:\/\/www.instagram.com\/manon_dj\/\">Manon<\/a> : <a href=\"https:\/\/www.instagram.com\/matija.dj.official\/\">Matija<\/a> : <a href=\"https:\/\/www.instagram.com\/n_hillenberg\/\">NAD!N<\/a> : <a href=\"https:\/\/www.instagram.com\/natchmusik\/\">Natch<\/a> : <a href=\"https:\/\/www.instagram.com\/nicire\/\">Nickster<\/a> : <a href=\"https:\/\/www.instagram.com\/rigorosfiligran\/\"><span data-olk-copy-source=\"MailCompose\">RigoRos &amp; FiliGran<\/span><\/a> : <a href=\"https:\/\/www.instagram.com\/rostdiamant\/\">Rostdiamant<\/a> : <a href=\"https:\/\/www.instagram.com\/ruben.coslada_\/\">Ruben Coslada<\/a> : <a href=\"https:\/\/www.instagram.com\/samarsi.we\/\">Samarsi<\/a> : <a href=\"https:\/\/www.instagram.com\/djsandman_ofc\/\">Sandman<\/a> : <a href=\"https:\/\/www.instagram.com\/scheppert_sound?igsh=MXg5ZmQ4ajlpaTVwMA==\">Scheppert<\/a> : <a href=\"https:\/\/www.instagram.com\/littlepharao_\/profilecard\/?igsh=YnJ3a3lkZDl3aGVt\">Stadtchind<\/a> : <a href=\"https:\/\/www.instagram.com\/_herr_friese_\/\">Sven Friese<\/a> : <a href=\"https:\/\/www.instagram.com\/woodinski.music\/\">Woodinski<\/a><\/p><h3>les la:bels<\/h3><p>sind mit dabei diese cr\u00e9ateurs de la bonne humeur :<\/p><p><a href=\"https:\/\/www.instagram.com\/boyahkasha\">Boyahkasha<\/a><br \/>\u00c9QUIPE DU PLAISIR (web folgt)<br \/><a href=\"https:\/\/www.instagram.com\/labil_mit_stil\">Labil mit Stil<\/a><br \/><a href=\"https:\/\/www.muellerbewegt.ch\/samschtigstanz-luv\">LUV<\/a><br \/><a href=\"https:\/\/www.instagram.com\/zeppelin_club_zurich\/\">Zeppelin Club<\/a> mit yoga-workshop von Elena<\/p><h3>VJ<\/h3><p>Lise Couchet (web folgt)<\/p><h3>drag:queen<\/h3><p><a href=\"https:\/\/www.instagram.com\/theamelieputain\/\">Am\u00e9lie Putain<\/a> : <a href=\"https:\/\/www.instagram.com\/klamydiavonkarma\/\">Klamydia von Karma<\/a> : <a href=\"https:\/\/www.instagram.com\/mercedes_wonderbra_\/\">Mercedes Wonderbra<\/a> : <a href=\"https:\/\/www.instagram.com\/rachel_harder_\/\">Rachel Harder<\/a><\/p>\t\t\t\t\t\t\t\t<\/div>\n\t\t\t\t<\/div>\n\t\t\t\t\t<\/div>\n\t\t<\/div>\n\t\t\t\t\t<\/div>\n\t\t<\/section>\n\t\t\t\t<\/div>\n\t\t","protected":false},"excerpt":{"rendered":"<p>mus:ik unsere soir\u00e9e priv\u00e9e 2025 wurde sie bespielt von folgende artistes : head:liners &amp;\u00a0 perles internationales Dominik EulbergMad MotormiquelKalabrese das lokale A-Z des guten tons Alanor : Arpagaus &amp; Fl\u00f6te : Baba Ganouj : Baerg b2b Cavabien : Bomchello : Breda : Calaido : Der K\u00f6hler : Der Zimm\u00ebrmann : Eclipse : Evelyn Volta : [&hellip;]<\/p>\n","protected":false},"author":1,"featured_media":0,"parent":0,"menu_order":0,"comment_status":"closed","ping_status":"closed","template":"","meta":{"footnotes":""},"class_list":["post-139","page","type-page","status-publish","hentry"],"jetpack_sharing_enabled":true,"_links":{"self":[{"href":"https:\/\/chateau.ooo\/index.php\/wp-json\/wp\/v2\/pages\/139","targetHints":{"allow":["GET"]}}],"collection":[{"href":"https:\/\/chateau.ooo\/index.php\/wp-json\/wp\/v2\/pages"}],"about":[{"href":"https:\/\/chateau.ooo\/index.php\/wp-json\/wp\/v2\/types\/page"}],"author":[{"embeddable":true,"href":"https:\/\/chateau.ooo\/index.php\/wp-json\/wp\/v2\/users\/1"}],"replies":[{"embeddable":true,"href":"https:\/\/chateau.ooo\/index.php\/wp-json\/wp\/v2\/comments?post=139"}],"version-history":[{"count":101,"href":"https:\/\/chateau.ooo\/index.php\/wp-json\/wp\/v2\/pages\/139\/revisions"}],"predecessor-version":[{"id":1562,"href":"https:\/\/chateau.ooo\/index.php\/wp-json\/wp\/v2\/pages\/139\/revisions\/1562"}],"wp:attachment":[{"href":"https:\/\/chateau.ooo\/index.php\/wp-json\/wp\/v2\/media?parent=139"}],"curies":[{"name":"wp","href":"https:\/\/api.w.org\/{rel}","templated":true}]}}